{"id":484,"date":"2025-11-29T12:26:19","date_gmt":"2025-11-29T11:26:19","guid":{"rendered":"https:\/\/apphenvic.fr\/wp\/?page_id=484"},"modified":"2025-11-29T13:03:41","modified_gmt":"2025-11-29T12:03:41","slug":"conseil-dadministration-et-bureau-2026","status":"publish","type":"page","link":"https:\/\/apphenvic.fr\/wp\/conseil-dadministration-et-bureau-2026\/","title":{"rendered":"Conseil d&rsquo;Administration et Bureau 2026"},"content":{"rendered":"\n<p>Le Conseil d&rsquo;Administration a \u00e9t\u00e9 renouvell\u00e9 pour un tiers lors d&rsquo;un vote en fin de l&rsquo;Assembl\u00e9e g\u00e9n\u00e9rale ordinaire du 21 novembre 2025.<br>Il s&rsquo;est r\u00e9uni le samedi 22 novembre et a proc\u00e9d\u00e9 \u00e0 l&rsquo;\u00e9lection du Bureau. Vous trouverez ci-dessous la liste des membres du Conseil d&rsquo;administration 2026.<\/p>\n\n\n\n<p><strong>Conseil d&rsquo;Administration<\/strong><\/p>\n\n\n\n<ul class=\"wp-block-list\">\n<li>Philippe GUEGUEN <span style=\"color:blue;\">(Pr\u00e9sident)<\/span><\/li>\n\n\n\n<li>Jean-Luc CHANTREL <span style=\"color:blue;\">(Vice-Pr\u00e9sident) <\/span><\/li>\n\n\n\n<li>Pierre HENRY<span style=\"color:blue;\"> (Tr\u00e9sorier)<\/span><\/li>\n\n\n\n<li>Dominique REGNARD<span style=\"color:blue;\"> (Tr\u00e9sorier Adjoin) <\/span><\/li>\n\n\n\n<li>Fran\u00e7ois-Louis LE GOFF<span style=\"color:blue;\"> (Secr\u00e9taire) <\/span><\/li>\n\n\n\n<li>Eric LE BORGNE<span style=\"color:blue;\"> (Secr\u00e9taire Adjoint) <\/span><\/li>\n\n\n\n<li>Philippe CABIOCH<\/li>\n\n\n\n<li>No\u00ebl CREACH<\/li>\n\n\n\n<li>Roland LE GOFF<\/li>\n\n\n\n<li>Robert ELARD<\/li>\n\n\n\n<li>Jean-Yves LEGOFF<\/li>\n\n\n\n<li>Bruno QUENAON<\/li>\n\n\n\n<li>Pascal LE SAOUT<\/li>\n\n\n\n<li>Fabrice TANGUY<br><\/li>\n<\/ul>\n\n\n\n<p><\/p>\n","protected":false},"excerpt":{"rendered":"<p>Le Conseil d&rsquo;Administration a \u00e9t\u00e9 renouvell\u00e9 pour un tiers lors d&rsquo;un vote en fin de l&rsquo;Assembl\u00e9e g\u00e9n\u00e9rale ordinaire du 21 novembre 2025.Il s&rsquo;est r\u00e9uni le samedi 22 novembre et a proc\u00e9d\u00e9 \u00e0 l&rsquo;\u00e9lection du Bureau. Vous trouverez ci-dessous la liste des membres du Conseil d&rsquo;administration 2026. Conseil d&rsquo;Administration<\/p>\n","protected":false},"author":1,"featured_media":0,"parent":0,"menu_order":0,"comment_status":"closed","ping_status":"closed","template":"","meta":{"_kad_post_transparent":"","_kad_post_title":"","_kad_post_layout":"","_kad_post_sidebar_id":"","_kad_post_content_style":"","_kad_post_vertical_padding":"","_kad_post_feature":"","_kad_post_feature_position":"","_kad_post_header":false,"_kad_post_footer":false,"_kad_post_classname":"","footnotes":""},"class_list":["post-484","page","type-page","status-publish","hentry"],"yoast_head":"<!-- This site is optimized with the Yoast SEO plugin v27.3 - https:\/\/yoast.com\/product\/yoast-seo-wordpress\/ -->\n<title>Conseil d&#039;Administration et Bureau 2026 - Association des Plaisanciers du Pont de la Corde<\/title>\n<meta name=\"robots\" content=\"index, follow, max-snippet:-1, max-image-preview:large, max-video-preview:-1\" \/>\n<link rel=\"canonical\" href=\"https:\/\/apphenvic.fr\/wp\/conseil-dadministration-et-bureau-2026\/\" \/>\n<meta property=\"og:locale\" content=\"fr_FR\" \/>\n<meta property=\"og:type\" content=\"article\" \/>\n<meta property=\"og:title\" content=\"Conseil d&#039;Administration et Bureau 2026 - Association des Plaisanciers du Pont de la Corde\" \/>\n<meta property=\"og:description\" content=\"Le Conseil d&rsquo;Administration a \u00e9t\u00e9 renouvell\u00e9 pour un tiers lors d&rsquo;un vote en fin de l&rsquo;Assembl\u00e9e g\u00e9n\u00e9rale ordinaire du 21 novembre 2025.Il s&rsquo;est r\u00e9uni le samedi 22 novembre et a proc\u00e9d\u00e9 \u00e0 l&rsquo;\u00e9lection du Bureau. Vous trouverez ci-dessous la liste des membres du Conseil d&rsquo;administration 2026. Conseil d&rsquo;Administration\" \/>\n<meta property=\"og:url\" content=\"https:\/\/apphenvic.fr\/wp\/conseil-dadministration-et-bureau-2026\/\" \/>\n<meta property=\"og:site_name\" content=\"Association des Plaisanciers du Pont de la Corde\" \/>\n<meta property=\"article:modified_time\" content=\"2025-11-29T12:03:41+00:00\" \/>\n<meta property=\"og:image\" content=\"https:\/\/apphenvic.fr\/wp\/wp-content\/uploads\/2024\/10\/logo_fond_bleu-1.jpg\" \/>\n\t<meta property=\"og:image:width\" content=\"880\" \/>\n\t<meta property=\"og:image:height\" content=\"864\" \/>\n\t<meta property=\"og:image:type\" content=\"image\/jpeg\" \/>\n<meta name=\"twitter:card\" content=\"summary_large_image\" \/>\n<meta name=\"twitter:label1\" content=\"Dur\u00e9e de lecture estim\u00e9e\" \/>\n\t<meta name=\"twitter:data1\" content=\"1 minute\" \/>\n<script type=\"application\/ld+json\" class=\"yoast-schema-graph\">{\"@context\":\"https:\\\/\\\/schema.org\",\"@graph\":[{\"@type\":\"WebPage\",\"@id\":\"https:\\\/\\\/apphenvic.fr\\\/wp\\\/conseil-dadministration-et-bureau-2026\\\/\",\"url\":\"https:\\\/\\\/apphenvic.fr\\\/wp\\\/conseil-dadministration-et-bureau-2026\\\/\",\"name\":\"Conseil d'Administration et Bureau 2026 - Association des Plaisanciers du Pont de la Corde\",\"isPartOf\":{\"@id\":\"https:\\\/\\\/apphenvic.fr\\\/wp\\\/#website\"},\"datePublished\":\"2025-11-29T11:26:19+00:00\",\"dateModified\":\"2025-11-29T12:03:41+00:00\",\"breadcrumb\":{\"@id\":\"https:\\\/\\\/apphenvic.fr\\\/wp\\\/conseil-dadministration-et-bureau-2026\\\/#breadcrumb\"},\"inLanguage\":\"fr-FR\",\"potentialAction\":[{\"@type\":\"ReadAction\",\"target\":[\"https:\\\/\\\/apphenvic.fr\\\/wp\\\/conseil-dadministration-et-bureau-2026\\\/\"]}]},{\"@type\":\"BreadcrumbList\",\"@id\":\"https:\\\/\\\/apphenvic.fr\\\/wp\\\/conseil-dadministration-et-bureau-2026\\\/#breadcrumb\",\"itemListElement\":[{\"@type\":\"ListItem\",\"position\":1,\"name\":\"Home\",\"item\":\"https:\\\/\\\/apphenvic.fr\\\/wp\\\/\"},{\"@type\":\"ListItem\",\"position\":2,\"name\":\"Conseil d&rsquo;Administration et Bureau 2026\"}]},{\"@type\":\"WebSite\",\"@id\":\"https:\\\/\\\/apphenvic.fr\\\/wp\\\/#website\",\"url\":\"https:\\\/\\\/apphenvic.fr\\\/wp\\\/\",\"name\":\"Association des Plaisanciers du Pont de la Corde\",\"description\":\"Mon site WordPress\",\"publisher\":{\"@id\":\"https:\\\/\\\/apphenvic.fr\\\/wp\\\/#organization\"},\"potentialAction\":[{\"@type\":\"SearchAction\",\"target\":{\"@type\":\"EntryPoint\",\"urlTemplate\":\"https:\\\/\\\/apphenvic.fr\\\/wp\\\/?s={search_term_string}\"},\"query-input\":{\"@type\":\"PropertyValueSpecification\",\"valueRequired\":true,\"valueName\":\"search_term_string\"}}],\"inLanguage\":\"fr-FR\"},{\"@type\":\"Organization\",\"@id\":\"https:\\\/\\\/apphenvic.fr\\\/wp\\\/#organization\",\"name\":\"Association des plaisanciers du pont de la corde\",\"alternateName\":\"Apphenvic\",\"url\":\"https:\\\/\\\/apphenvic.fr\\\/wp\\\/\",\"logo\":{\"@type\":\"ImageObject\",\"inLanguage\":\"fr-FR\",\"@id\":\"https:\\\/\\\/apphenvic.fr\\\/wp\\\/#\\\/schema\\\/logo\\\/image\\\/\",\"url\":\"https:\\\/\\\/apphenvic.fr\\\/wp\\\/wp-content\\\/uploads\\\/2024\\\/10\\\/logo_fond_bleu-1.jpg\",\"contentUrl\":\"https:\\\/\\\/apphenvic.fr\\\/wp\\\/wp-content\\\/uploads\\\/2024\\\/10\\\/logo_fond_bleu-1.jpg\",\"width\":880,\"height\":864,\"caption\":\"Association des plaisanciers du pont de la corde\"},\"image\":{\"@id\":\"https:\\\/\\\/apphenvic.fr\\\/wp\\\/#\\\/schema\\\/logo\\\/image\\\/\"}}]}<\/script>\n<!-- \/ Yoast SEO plugin. -->","yoast_head_json":{"title":"Conseil d'Administration et Bureau 2026 - Association des Plaisanciers du Pont de la Corde","robots":{"index":"index","follow":"follow","max-snippet":"max-snippet:-1","max-image-preview":"max-image-preview:large","max-video-preview":"max-video-preview:-1"},"canonical":"https:\/\/apphenvic.fr\/wp\/conseil-dadministration-et-bureau-2026\/","og_locale":"fr_FR","og_type":"article","og_title":"Conseil d'Administration et Bureau 2026 - Association des Plaisanciers du Pont de la Corde","og_description":"Le Conseil d&rsquo;Administration a \u00e9t\u00e9 renouvell\u00e9 pour un tiers lors d&rsquo;un vote en fin de l&rsquo;Assembl\u00e9e g\u00e9n\u00e9rale ordinaire du 21 novembre 2025.Il s&rsquo;est r\u00e9uni le samedi 22 novembre et a proc\u00e9d\u00e9 \u00e0 l&rsquo;\u00e9lection du Bureau. Vous trouverez ci-dessous la liste des membres du Conseil d&rsquo;administration 2026. Conseil d&rsquo;Administration","og_url":"https:\/\/apphenvic.fr\/wp\/conseil-dadministration-et-bureau-2026\/","og_site_name":"Association des Plaisanciers du Pont de la Corde","article_modified_time":"2025-11-29T12:03:41+00:00","og_image":[{"width":880,"height":864,"url":"https:\/\/apphenvic.fr\/wp\/wp-content\/uploads\/2024\/10\/logo_fond_bleu-1.jpg","type":"image\/jpeg"}],"twitter_card":"summary_large_image","twitter_misc":{"Dur\u00e9e de lecture estim\u00e9e":"1 minute"},"schema":{"@context":"https:\/\/schema.org","@graph":[{"@type":"WebPage","@id":"https:\/\/apphenvic.fr\/wp\/conseil-dadministration-et-bureau-2026\/","url":"https:\/\/apphenvic.fr\/wp\/conseil-dadministration-et-bureau-2026\/","name":"Conseil d'Administration et Bureau 2026 - Association des Plaisanciers du Pont de la Corde","isPartOf":{"@id":"https:\/\/apphenvic.fr\/wp\/#website"},"datePublished":"2025-11-29T11:26:19+00:00","dateModified":"2025-11-29T12:03:41+00:00","breadcrumb":{"@id":"https:\/\/apphenvic.fr\/wp\/conseil-dadministration-et-bureau-2026\/#breadcrumb"},"inLanguage":"fr-FR","potentialAction":[{"@type":"ReadAction","target":["https:\/\/apphenvic.fr\/wp\/conseil-dadministration-et-bureau-2026\/"]}]},{"@type":"BreadcrumbList","@id":"https:\/\/apphenvic.fr\/wp\/conseil-dadministration-et-bureau-2026\/#breadcrumb","itemListElement":[{"@type":"ListItem","position":1,"name":"Home","item":"https:\/\/apphenvic.fr\/wp\/"},{"@type":"ListItem","position":2,"name":"Conseil d&rsquo;Administration et Bureau 2026"}]},{"@type":"WebSite","@id":"https:\/\/apphenvic.fr\/wp\/#website","url":"https:\/\/apphenvic.fr\/wp\/","name":"Association des Plaisanciers du Pont de la Corde","description":"Mon site WordPress","publisher":{"@id":"https:\/\/apphenvic.fr\/wp\/#organization"},"potentialAction":[{"@type":"SearchAction","target":{"@type":"EntryPoint","urlTemplate":"https:\/\/apphenvic.fr\/wp\/?s={search_term_string}"},"query-input":{"@type":"PropertyValueSpecification","valueRequired":true,"valueName":"search_term_string"}}],"inLanguage":"fr-FR"},{"@type":"Organization","@id":"https:\/\/apphenvic.fr\/wp\/#organization","name":"Association des plaisanciers du pont de la corde","alternateName":"Apphenvic","url":"https:\/\/apphenvic.fr\/wp\/","logo":{"@type":"ImageObject","inLanguage":"fr-FR","@id":"https:\/\/apphenvic.fr\/wp\/#\/schema\/logo\/image\/","url":"https:\/\/apphenvic.fr\/wp\/wp-content\/uploads\/2024\/10\/logo_fond_bleu-1.jpg","contentUrl":"https:\/\/apphenvic.fr\/wp\/wp-content\/uploads\/2024\/10\/logo_fond_bleu-1.jpg","width":880,"height":864,"caption":"Association des plaisanciers du pont de la corde"},"image":{"@id":"https:\/\/apphenvic.fr\/wp\/#\/schema\/logo\/image\/"}}]}},"_links":{"self":[{"href":"https:\/\/apphenvic.fr\/wp\/wp-json\/wp\/v2\/pages\/484","targetHints":{"allow":["GET"]}}],"collection":[{"href":"https:\/\/apphenvic.fr\/wp\/wp-json\/wp\/v2\/pages"}],"about":[{"href":"https:\/\/apphenvic.fr\/wp\/wp-json\/wp\/v2\/types\/page"}],"author":[{"embeddable":true,"href":"https:\/\/apphenvic.fr\/wp\/wp-json\/wp\/v2\/users\/1"}],"replies":[{"embeddable":true,"href":"https:\/\/apphenvic.fr\/wp\/wp-json\/wp\/v2\/comments?post=484"}],"version-history":[{"count":8,"href":"https:\/\/apphenvic.fr\/wp\/wp-json\/wp\/v2\/pages\/484\/revisions"}],"predecessor-version":[{"id":492,"href":"https:\/\/apphenvic.fr\/wp\/wp-json\/wp\/v2\/pages\/484\/revisions\/492"}],"wp:attachment":[{"href":"https:\/\/apphenvic.fr\/wp\/wp-json\/wp\/v2\/media?parent=484"}],"curies":[{"name":"wp","href":"https:\/\/api.w.org\/{rel}","templated":true}]}}